{"id":167,"date":"2022-11-21T14:19:21","date_gmt":"2022-11-21T14:19:21","guid":{"rendered":"https:\/\/koopkuder.org.tr\/?page_id=167"},"modified":"2022-11-21T14:27:19","modified_gmt":"2022-11-21T14:27:19","slug":"hakkimizda","status":"publish","type":"page","link":"https:\/\/koopkuder.tr\/index.php\/hakkimizda\/","title":{"rendered":"Hakk\u0131m\u0131zda"},"content":{"rendered":"\t\t<div data-elementor-type=\"wp-page\" data-elementor-id=\"167\" class=\"elementor elementor-167\">\n\t\t\t\t\t\t\t\t\t<section class=\"elementor-section elementor-top-section elementor-element elementor-element-b065382 elementor-section-boxed elementor-section-height-default elementor-section-height-default\" data-id=\"b065382\" data-element_type=\"section\">\n\t\t\t\t\t\t<div class=\"elementor-container elementor-column-gap-default\">\n\t\t\t\t\t<div class=\"elementor-column elementor-col-100 elementor-top-column elementor-element elementor-element-8565acd\" data-id=\"8565acd\" data-element_type=\"column\">\n\t\t\t<div class=\"elementor-widget-wrap elementor-element-populated\">\n\t\t\t\t\t\t\t\t<div class=\"elementor-element elementor-element-afa4240 elementor-widget elementor-widget-spacer\" data-id=\"afa4240\" data-element_type=\"widget\" data-widget_type=\"spacer.default\">\n\t\t\t\t<div class=\"elementor-widget-container\">\n\t\t\t<style>\/*! elementor - v3.8.1 - 13-11-2022 *\/\n.elementor-column .elementor-spacer-inner{height:var(--spacer-size)}.e-con{--container-widget-width:100%}.e-con-inner>.elementor-widget-spacer,.e-con>.elementor-widget-spacer{width:var(--container-widget-width,var(--spacer-size));-ms-flex-item-align:stretch;align-self:stretch;-ms-flex-negative:0;flex-shrink:0}.e-con-inner>.elementor-widget-spacer>.elementor-widget-container,.e-con-inner>.elementor-widget-spacer>.elementor-widget-container>.elementor-spacer,.e-con>.elementor-widget-spacer>.elementor-widget-container,.e-con>.elementor-widget-spacer>.elementor-widget-container>.elementor-spacer{height:100%}.e-con-inner>.elementor-widget-spacer>.elementor-widget-container>.elementor-spacer>.elementor-spacer-inner,.e-con>.elementor-widget-spacer>.elementor-widget-container>.elementor-spacer>.elementor-spacer-inner{height:var(--container-widget-height,var(--spacer-size))}<\/style>\t\t<div class=\"elementor-spacer\">\n\t\t\t<div class=\"elementor-spacer-inner\"><\/div>\n\t\t<\/div>\n\t\t\t\t<\/div>\n\t\t\t\t<\/div>\n\t\t\t\t\t<\/div>\n\t\t<\/div>\n\t\t\t\t\t\t\t<\/div>\n\t\t<\/section>\n\t\t\t\t<section class=\"elementor-section elementor-top-section elementor-element elementor-element-16b03f52 elementor-section-boxed elementor-section-height-default elementor-section-height-default\" data-id=\"16b03f52\" data-element_type=\"section\">\n\t\t\t\t\t\t<div class=\"elementor-container elementor-column-gap-default\">\n\t\t\t\t\t<div class=\"elementor-column elementor-col-100 elementor-top-column elementor-element elementor-element-1b9a78\" data-id=\"1b9a78\" data-element_type=\"column\">\n\t\t\t<div class=\"elementor-widget-wrap elementor-element-populated\">\n\t\t\t\t\t\t\t\t<div class=\"elementor-element elementor-element-f15e847 elementor-widget elementor-widget-rb-heading\" data-id=\"f15e847\" data-element_type=\"widget\" data-widget_type=\"rb-heading.default\">\n\t\t\t\t<div class=\"elementor-widget-container\">\n\t\t\t\t\t<div id=\"uid_f15e847\" class=\"block-wrap fw-block block-heading none-margin is-left\" >\r\n\t                                    <h2 class=\"hbox-title\">Hakk\u0131m\u0131zda<\/h2>\r\n                            <div class=\"hbox-separator\"><\/div>\r\n                    <\/div>\t\t<\/div>\n\t\t\t\t<\/div>\n\t\t\t\t<div class=\"elementor-element elementor-element-9609380 elementor-widget elementor-widget-text-editor\" data-id=\"9609380\" data-element_type=\"widget\" data-widget_type=\"text-editor.default\">\n\t\t\t\t<div class=\"elementor-widget-container\">\n\t\t\t<style>\/*! elementor - v3.8.1 - 13-11-2022 *\/\n.elementor-widget-text-editor.elementor-drop-cap-view-stacked .elementor-drop-cap{background-color:#818a91;color:#fff}.elementor-widget-text-editor.elementor-drop-cap-view-framed .elementor-drop-cap{color:#818a91;border:3px solid;background-color:transparent}.elementor-widget-text-editor:not(.elementor-drop-cap-view-default) .elementor-drop-cap{margin-top:8px}.elementor-widget-text-editor:not(.elementor-drop-cap-view-default) .elementor-drop-cap-letter{width:1em;height:1em}.elementor-widget-text-editor .elementor-drop-cap{float:left;text-align:center;line-height:1;font-size:50px}.elementor-widget-text-editor .elementor-drop-cap-letter{display:inline-block}<\/style>\t\t\t\t<p>Kurulu\u015f: 17 Aral\u0131k 2021<\/p><p>KOOPERAT\u0130F DERNE\u011e\u0130 MAN\u0130FESTOSU<br \/>Biz Kooperatifler olarak a\u015fa\u011f\u0131da ba\u015fl\u0131klar\u0131 yer alan faaliyetleri ger\u00e7ekle\u015ftirmek \u00fczere KOOPERAT\u0130F DERNE\u011e\u0130 alt\u0131nda toplanma karar\u0131 ald\u0131k.<br \/><br \/>T\u00fcrkiye Cumhuriyeti kurucu lideri Mustafa Kemal Atat\u00fcrk\u2019\u00fcn \u00f6\u011f\u00fctlerine uyarak ve Kooperatif\u00e7ilik \u0130lke ve De\u011ferlerine ba\u011fl\u0131 kalarak \u00e7ok \u00e7al\u0131\u015faca\u011f\u0131m\u0131za t\u00fcm de\u011ferlerimiz \u00fczerine s\u00f6z veriyoruz:<\/p><p>1.Kooperatifleri k\u00fcmelendirerek, \u00d6zel Sekt\u00f6r \u2013 \u00dcniversite \u2013 Kamu i\u015fbirli\u011fi ile rekabet g\u00fc\u00e7lerini artt\u0131rmak, ihtiya\u00e7lar\u0131n\u0131 kar\u015f\u0131lamak, uluslararas\u0131 markalar \u00e7\u0131karmak \u00fczere kooperatif\u00e7ilik ilke ve de\u011ferleri temelinde i\u015fbirli\u011fi ve g\u00fc\u00e7 birli\u011finin geli\u015fmesini sa\u011flamak<br \/>2.K\u00fcmelenmede Kooperatif\u00e7ilik Modelini te\u015fvik etmek,<br \/>3.Kooperatif\u00e7ili\u011fin bir meslek, kooperatif ortaklar\u0131n\u0131n ise kooperatif\u00e7ilik mesle\u011fini icra eden ki\u015filer olarak tan\u0131nmas\u0131 i\u00e7in giri\u015fimlerde bulunmak,<br \/>4.Tasar\u0131mdan nihai \u00fcr\u00fcne kadar yerli \u00fcretimin pay\u0131n\u0131 art\u0131rmak, <br \/>5.\u00dcye kooperatifleri b\u00f6lgesel, ulusal ve uluslararas\u0131 pazarda rekabet edebilir hale getirmek,<br \/>6.\u00dcyeler aras\u0131nda i\u015f birli\u011fini art\u0131rmak ve ortak projeler y\u00fcr\u00fct\u00fclmesi i\u00e7in altyap\u0131 olu\u015fturmak, <br \/>7.Kooperatiflerin uluslararas\u0131la\u015fma, ortakla\u015fa rekabet ve markala\u015fma faaliyetlerine destek olmak,<br \/>8.\u0130klim de\u011fi\u015fikli\u011fi alan\u0131nda faaliyetlerde bulunmak, \u00e7evre projelerinde aktif rol \u00fcstlenmek, <br \/>9.\u00dcniversitelerin, Teknoloji Geli\u015ftirme B\u00f6lge Y\u00f6netici Firmalar\u0131n\u0131n, Teknoloji Transfer Ofislerinin, ArGe \/ Tasar\u0131m Merkezlerinin sahip oldu\u011fu teknik bilginin \u00fcyelerine aktar\u0131lmas\u0131n\u0131 sa\u011flamak, <br \/>10.Kooperatif \u00fcr\u00fcnlerinin ticarile\u015ftirilmesi ve kullan\u0131m\u0131n\u0131n yayg\u0131nla\u015ft\u0131r\u0131lmas\u0131 i\u00e7in faaliyetlerde bulunmak,<br \/>11.Kooperatif \u00fcreticilerini ve \u00fcr\u00fcnlerini, artan yetenek ve i\u015f birlikleri sayesinde tercih edilir hale getirmek, <br \/>12.Sekt\u00f6rel ihtisasla\u015fma ile rekabet avantaj\u0131 olu\u015fturmak, <br \/>13.Bili\u015fim, Ar-Ge, Yenilik\u00e7ilik ve Giri\u015fimcilik k\u00fclt\u00fcr\u00fcn\u00fc geli\u015ftirip, bu do\u011frultuda faaliyetlerde bulunmak, <br \/>14.\u00dclkenin sosyal, end\u00fcstriyel, \u00e7evresel ve ekonomik kalk\u0131nmas\u0131na katk\u0131da bulunmak, <br \/>15.K\u00fcmelenme faaliyetleri konusunda olumlu referanslar olu\u015fturmak ve buna benzer di\u011fer faaliyetlerin ger\u00e7ekle\u015ftirilmesine katk\u0131da bulunmak,<br \/>16.Kad\u0131n, \u00e7ocuk, engelli ve m\u00fclteci odakl\u0131 faaliyetlerde bulunmak, <br \/>17.Okullarda kooperatif ve k\u00fcmelenme bilincinin geli\u015ftirilmesi i\u00e7in \u00e7al\u0131\u015fmalar yapmak,<br \/>18.Kooperatif\u00e7ilik konusunda kalifiye personel yeti\u015ftirmek amac\u0131yla e\u011fitim ve \u00f6\u011fretimin her a\u015famas\u0131nda \u00f6\u011frencilere burslar vermek,<br \/>19.Kolayla\u015ft\u0131r\u0131c\u0131, h\u0131zland\u0131r\u0131c\u0131, sonu\u00e7 odakl\u0131 ve s\u00fcrd\u00fcr\u00fclebilir bir kooperatif\u00e7ilik ekosisteminin olu\u015fturulmas\u0131 i\u00e7in bili\u015fim ba\u015fta olmak \u00fczere t\u00fcm konularda \u00fcyelerinin ihtiya\u00e7lar\u0131n\u0131n k\u00fcmelenme faaliyetleri \u00e7er\u00e7evesinde kar\u015f\u0131lamas\u0131n\u0131 sa\u011flamak.<\/p>\t\t\t\t\t\t<\/div>\n\t\t\t\t<\/div>\n\t\t\t\t\t<\/div>\n\t\t<\/div>\n\t\t\t\t\t\t\t<\/div>\n\t\t<\/section>\n\t\t\t\t<section class=\"elementor-section elementor-top-section elementor-element elementor-element-e2d4dff elementor-section-boxed elementor-section-height-default elementor-section-height-default\" data-id=\"e2d4dff\" data-element_type=\"section\">\n\t\t\t\t\t\t<div class=\"elementor-container elementor-column-gap-default\">\n\t\t\t\t\t<div class=\"elementor-column elementor-col-100 elementor-top-column elementor-element elementor-element-818ad70\" data-id=\"818ad70\" data-element_type=\"column\">\n\t\t\t<div class=\"elementor-widget-wrap elementor-element-populated\">\n\t\t\t\t\t\t\t\t<div class=\"elementor-element elementor-element-3d140ab elementor-widget elementor-widget-spacer\" data-id=\"3d140ab\" data-element_type=\"widget\" data-widget_type=\"spacer.default\">\n\t\t\t\t<div class=\"elementor-widget-container\">\n\t\t\t\t\t<div class=\"elementor-spacer\">\n\t\t\t<div class=\"elementor-spacer-inner\"><\/div>\n\t\t<\/div>\n\t\t\t\t<\/div>\n\t\t\t\t<\/div>\n\t\t\t\t\t<\/div>\n\t\t<\/div>\n\t\t\t\t\t\t\t<\/div>\n\t\t<\/section>\n\t\t\t\t\t\t\t<\/div>\n\t\t","protected":false},"excerpt":{"rendered":"","protected":false},"author":1,"featured_media":0,"parent":0,"menu_order":0,"comment_status":"closed","ping_status":"closed","template":"rbc-frontend.php","meta":{"footnotes":""},"class_list":["post-167","page","type-page","status-publish"],"_links":{"self":[{"href":"https:\/\/koopkuder.tr\/index.php\/wp-json\/wp\/v2\/pages\/167","targetHints":{"allow":["GET"]}}],"collection":[{"href":"https:\/\/koopkuder.tr\/index.php\/wp-json\/wp\/v2\/pages"}],"about":[{"href":"https:\/\/koopkuder.tr\/index.php\/wp-json\/wp\/v2\/types\/page"}],"author":[{"embeddable":true,"href":"https:\/\/koopkuder.tr\/index.php\/wp-json\/wp\/v2\/users\/1"}],"replies":[{"embeddable":true,"href":"https:\/\/koopkuder.tr\/index.php\/wp-json\/wp\/v2\/comments?post=167"}],"version-history":[{"count":14,"href":"https:\/\/koopkuder.tr\/index.php\/wp-json\/wp\/v2\/pages\/167\/revisions"}],"predecessor-version":[{"id":181,"href":"https:\/\/koopkuder.tr\/index.php\/wp-json\/wp\/v2\/pages\/167\/revisions\/181"}],"wp:attachment":[{"href":"https:\/\/koopkuder.tr\/index.php\/wp-json\/wp\/v2\/media?parent=167"}],"curies":[{"name":"wp","href":"https:\/\/api.w.org\/{rel}","templated":true}]}}