{"id":182,"date":"2022-11-21T14:49:53","date_gmt":"2022-11-21T14:49:53","guid":{"rendered":"https:\/\/koopkuder.org.tr\/?page_id=182"},"modified":"2022-11-21T14:51:30","modified_gmt":"2022-11-21T14:51:30","slug":"site-kullanim-sartlari","status":"publish","type":"page","link":"https:\/\/koopkuder.tr\/index.php\/site-kullanim-sartlari\/","title":{"rendered":"S\u0130TE KULLANIM \u015eARTLARI"},"content":{"rendered":"\t\t<div data-elementor-type=\"wp-page\" data-elementor-id=\"182\" class=\"elementor elementor-182\">\n\t\t\t\t\t\t\t\t\t<section class=\"elementor-section elementor-top-section elementor-element elementor-element-b065382 elementor-section-boxed elementor-section-height-default elementor-section-height-default\" data-id=\"b065382\" data-element_type=\"section\">\n\t\t\t\t\t\t<div class=\"elementor-container elementor-column-gap-default\">\n\t\t\t\t\t<div class=\"elementor-column elementor-col-100 elementor-top-column elementor-element elementor-element-8565acd\" data-id=\"8565acd\" data-element_type=\"column\">\n\t\t\t<div class=\"elementor-widget-wrap elementor-element-populated\">\n\t\t\t\t\t\t\t\t<div class=\"elementor-element elementor-element-afa4240 elementor-widget elementor-widget-spacer\" data-id=\"afa4240\" data-element_type=\"widget\" data-widget_type=\"spacer.default\">\n\t\t\t\t<div class=\"elementor-widget-container\">\n\t\t\t<style>\/*! elementor - v3.8.1 - 13-11-2022 *\/\n.elementor-column .elementor-spacer-inner{height:var(--spacer-size)}.e-con{--container-widget-width:100%}.e-con-inner>.elementor-widget-spacer,.e-con>.elementor-widget-spacer{width:var(--container-widget-width,var(--spacer-size));-ms-flex-item-align:stretch;align-self:stretch;-ms-flex-negative:0;flex-shrink:0}.e-con-inner>.elementor-widget-spacer>.elementor-widget-container,.e-con-inner>.elementor-widget-spacer>.elementor-widget-container>.elementor-spacer,.e-con>.elementor-widget-spacer>.elementor-widget-container,.e-con>.elementor-widget-spacer>.elementor-widget-container>.elementor-spacer{height:100%}.e-con-inner>.elementor-widget-spacer>.elementor-widget-container>.elementor-spacer>.elementor-spacer-inner,.e-con>.elementor-widget-spacer>.elementor-widget-container>.elementor-spacer>.elementor-spacer-inner{height:var(--container-widget-height,var(--spacer-size))}<\/style>\t\t<div class=\"elementor-spacer\">\n\t\t\t<div class=\"elementor-spacer-inner\"><\/div>\n\t\t<\/div>\n\t\t\t\t<\/div>\n\t\t\t\t<\/div>\n\t\t\t\t\t<\/div>\n\t\t<\/div>\n\t\t\t\t\t\t\t<\/div>\n\t\t<\/section>\n\t\t\t\t<section class=\"elementor-section elementor-top-section elementor-element elementor-element-16b03f52 elementor-section-boxed elementor-section-height-default elementor-section-height-default\" data-id=\"16b03f52\" data-element_type=\"section\">\n\t\t\t\t\t\t<div class=\"elementor-container elementor-column-gap-default\">\n\t\t\t\t\t<div class=\"elementor-column elementor-col-100 elementor-top-column elementor-element elementor-element-1b9a78\" data-id=\"1b9a78\" data-element_type=\"column\">\n\t\t\t<div class=\"elementor-widget-wrap elementor-element-populated\">\n\t\t\t\t\t\t\t\t<div class=\"elementor-element elementor-element-f15e847 elementor-widget elementor-widget-rb-heading\" data-id=\"f15e847\" data-element_type=\"widget\" data-widget_type=\"rb-heading.default\">\n\t\t\t\t<div class=\"elementor-widget-container\">\n\t\t\t\t\t<div id=\"uid_f15e847\" class=\"block-wrap fw-block block-heading none-margin is-left\" >\r\n\t                                    <h2 class=\"hbox-title\">S\u0130TE KULLANIM \u015eARTLARI<\/h2>\r\n                            <div class=\"hbox-separator\"><\/div>\r\n                    <\/div>\t\t<\/div>\n\t\t\t\t<\/div>\n\t\t\t\t<div class=\"elementor-element elementor-element-9609380 elementor-widget elementor-widget-text-editor\" data-id=\"9609380\" data-element_type=\"widget\" data-widget_type=\"text-editor.default\">\n\t\t\t\t<div class=\"elementor-widget-container\">\n\t\t\t<style>\/*! elementor - v3.8.1 - 13-11-2022 *\/\n.elementor-widget-text-editor.elementor-drop-cap-view-stacked .elementor-drop-cap{background-color:#818a91;color:#fff}.elementor-widget-text-editor.elementor-drop-cap-view-framed .elementor-drop-cap{color:#818a91;border:3px solid;background-color:transparent}.elementor-widget-text-editor:not(.elementor-drop-cap-view-default) .elementor-drop-cap{margin-top:8px}.elementor-widget-text-editor:not(.elementor-drop-cap-view-default) .elementor-drop-cap-letter{width:1em;height:1em}.elementor-widget-text-editor .elementor-drop-cap{float:left;text-align:center;line-height:1;font-size:50px}.elementor-widget-text-editor .elementor-drop-cap-letter{display:inline-block}<\/style>\t\t\t\t<p>L\u00fctfen sitemizi kullanmadan evvel bu \u2018site kullan\u0131m \u015fartlar\u0131\u2019n\u0131 dikkatlice okuyunuz. <br \/>Bu siteyi kullanan ve \u00fcye olan ki\u015filer a\u015fa\u011f\u0131daki \u015fartlar\u0131 kabul etmi\u015f varsay\u0131lmaktad\u0131r:<br \/>Sitemizdeki web sayfalar\u0131 ve ona ba\u011fl\u0131 t\u00fcm sayfalar (\u2018site\u2019) Alacaatl\u0131 Mah. 4975 Sk. NO:3\/1 \u00c7ANKAYA\/ANKARA adresindeki KOOPERAT\u0130F DERNE\u011e\u0130 (KOOPK\u00dcDER) (\u2018Dernek\u2019) mal\u0131d\u0131r ve onun taraf\u0131ndan i\u015fletilir. Sizler (\u2018Kullan\u0131c\u0131\u2019) sitede sunulan t\u00fcm hizmetleri kullan\u0131rken a\u015fa\u011f\u0131daki \u015fartlara tabi oldu\u011funuzu, sitedeki hizmetten yararlanmakla ve kullanmaya devam etmekle; Ba\u011fl\u0131 oldu\u011funuz yasalara g\u00f6re s\u00f6zle\u015fme imzalama hakk\u0131na, yetkisine ve hukuki ehliyetine sahip ve 18 ya\u015f\u0131n \u00fczerinde oldu\u011funuzu, bu s\u00f6zle\u015fmeyi okudu\u011funuzu, anlad\u0131\u011f\u0131n\u0131z\u0131 ve s\u00f6zle\u015fmede yazan \u015fartlarla ba\u011fl\u0131 oldu\u011funuzu kabul etmi\u015f say\u0131l\u0131rs\u0131n\u0131z. <br \/>\u0130\u015fbu s\u00f6zle\u015fme taraflara s\u00f6zle\u015fme konusu site ile ilgili hak ve y\u00fck\u00fcml\u00fcl\u00fckler y\u00fckler ve taraflar i\u015fbu s\u00f6zle\u015fmeyi kabul ettiklerinde bahsi ge\u00e7en hak ve y\u00fck\u00fcml\u00fcl\u00fckleri eksiksiz, do\u011fru, zaman\u0131nda, i\u015fbu s\u00f6zle\u015fmede talep edilen \u015fartlar d\u00e2hilinde yerine getireceklerini beyan ederler.<br \/>1. SORUMLULUKLAR<br \/>a. Dernek, sunulan \u00fcr\u00fcn ve hizmetler \u00fczerinde de\u011fi\u015fiklik yapma hakk\u0131n\u0131 her zaman sakl\u0131 tutar. <br \/>b. Dernek, \u00fcyenin s\u00f6zle\u015fme konusu hizmetlerden, teknik ar\u0131zalar d\u0131\u015f\u0131nda yararland\u0131r\u0131laca\u011f\u0131n\u0131 kabul ve taahh\u00fct eder.<br \/>c. Kullan\u0131c\u0131, sitenin kullan\u0131m\u0131nda tersine m\u00fchendislik yapmayaca\u011f\u0131n\u0131 ya da bunlar\u0131n kaynak kodunu bulmak veya elde etmek amac\u0131na y\u00f6nelik herhangi bir ba\u015fka i\u015flemde bulunmayaca\u011f\u0131n\u0131 aksi halde ve 3. Ki\u015filer nezdinde do\u011facak zararlardan sorumlu olaca\u011f\u0131n\u0131, hakk\u0131nda hukuki ve cezai i\u015flem yap\u0131laca\u011f\u0131n\u0131 pe\u015finen kabul eder. <br \/>d. Kullan\u0131c\u0131, site i\u00e7indeki faaliyetlerinde, sitenin herhangi bir b\u00f6l\u00fcm\u00fcnde veya ileti\u015fimlerinde genel ahlaka ve adaba ayk\u0131r\u0131, kanuna ayk\u0131r\u0131, 3. Ki\u015filerin haklar\u0131n\u0131 zedeleyen, yan\u0131lt\u0131c\u0131, sald\u0131rgan, m\u00fcstehcen, pornografik, ki\u015filik haklar\u0131n\u0131 zedeleyen, telif haklar\u0131na ayk\u0131r\u0131, yasa d\u0131\u015f\u0131 faaliyetleri te\u015fvik eden i\u00e7erikler \u00fcretmeyece\u011fini, payla\u015fmayaca\u011f\u0131n\u0131 kabul eder. Aksi halde olu\u015facak zarardan tamamen kendisi sorumludur ve bu durumda \u2018Site\u2019 yetkilileri, bu t\u00fcr hesaplar\u0131 ask\u0131ya alabilir, sona erdirebilir, yasal s\u00fcre\u00e7 ba\u015flatma hakk\u0131n\u0131 sakl\u0131 tutar. Bu sebeple yarg\u0131 mercilerinden etkinlik veya kullan\u0131c\u0131 hesaplar\u0131 ile ilgili bilgi talepleri gelirse payla\u015fma hakk\u0131n\u0131 sakl\u0131 tutar.<br \/>e. Sitenin \u00fcyelerinin birbirleri veya \u00fc\u00e7\u00fcnc\u00fc \u015fah\u0131slarla olan ili\u015fkileri kendi sorumlulu\u011fundad\u0131r. <br \/>2. Fikri M\u00fclkiyet Haklar\u0131<br \/>2.1. \u0130\u015fbu Site\u2019 de yer alan unvan, i\u015fletme ad\u0131, marka, patent, logo, tasar\u0131m, bilgi ve y\u00f6ntem gibi tescilli veya tescilsiz t\u00fcm fikri m\u00fclkiyet haklar\u0131 site i\u015fleteni ve sahibi Dernek veya belirtilen ilgilisine ait olup, ulusal ve uluslararas\u0131 hukukun korumas\u0131 alt\u0131ndad\u0131r. \u0130\u015fbu Site\u2019nin ziyaret edilmesi veya bu Site\u2019 deki hizmetlerden yararlan\u0131lmas\u0131 s\u00f6z konusu fikri m\u00fclkiyet haklar\u0131 konusunda hi\u00e7bir hak vermez.<br \/>2.2. Site\u2019 de yer alan bilgiler hi\u00e7bir \u015fekilde \u00e7o\u011falt\u0131lamaz, yay\u0131nlanamaz, kopyalanamaz, sunulamaz ve\/veya aktar\u0131lamaz. Site\u2019nin b\u00fct\u00fcn\u00fc veya bir k\u0131sm\u0131 di\u011fer bir internet sitesinde izinsiz olarak kullan\u0131lamaz. <br \/>3. Gizli Bilgi<br \/>3.1. Dernek, site \u00fczerinden kullan\u0131c\u0131lar\u0131n iletti\u011fi ki\u015fisel bilgileri 3. Ki\u015filere a\u00e7\u0131klamayacakt\u0131r. Bu ki\u015fisel bilgiler; ki\u015fi ad\u0131-soyad\u0131, adresi, telefon numaras\u0131, cep telefonu, e-posta adresi gibi Kullan\u0131c\u0131\u2019 y\u0131 tan\u0131mlamaya y\u00f6nelik her t\u00fcrl\u00fc di\u011fer bilgiyi i\u00e7ermekte olup, k\u0131saca \u2018Gizli Bilgiler\u2019 olarak an\u0131lacakt\u0131r.<br \/>3.2. Kullan\u0131c\u0131, sadece tan\u0131t\u0131m, reklam, kampanya, promosyon, duyuru vb. pazarlama faaliyetleri kapsam\u0131nda kullan\u0131lmas\u0131 ile s\u0131n\u0131rl\u0131 olmak \u00fczere, Site\u2019nin sahibi olan Dernek kendisine ait ileti\u015fim, portf\u00f6y durumu ve demografik bilgilerini i\u015ftirakleri ya da ba\u011fl\u0131 bulundu\u011fu grup \u015firketleri ile payla\u015fmas\u0131na muvafakat etti\u011fini kabul ve beyan eder. Bu ki\u015fisel bilgiler Dernek b\u00fcnyesinde m\u00fc\u015fteri profili belirlemek, m\u00fc\u015fteri profiline uygun promosyon ve kampanyalar sunmak ve istatistiksel \u00e7al\u0131\u015fmalar yapmak amac\u0131yla kullan\u0131labilecektir.<br \/>3.3. Gizli Bilgiler, ancak resmi makamlarca usul\u00fc dairesinde bu bilgilerin talep edilmesi halinde ve y\u00fcr\u00fcrl\u00fckteki emredici mevzuat h\u00fck\u00fcmleri gere\u011fince resmi makamlara a\u00e7\u0131klama yap\u0131lmas\u0131n\u0131n zorunlu oldu\u011fu durumlarda resmi makamlara a\u00e7\u0131klanabilecektir.<br \/>4. Garanti Vermeme: i\u015fbu s\u00f6zle\u015fme maddesi uygulanabilir kanunun izin verdi\u011fi azami \u00f6l\u00e7\u00fcde ge\u00e7erli olacakt\u0131r. Dernek taraf\u0131ndan sunulan hizmetler &#8220;oldu\u011fu gibi\u201d ve &#8220;m\u00fcmk\u00fcn oldu\u011fu\u201d temelde sunulmakta ve pazarlanabilirlik, belirli bir amaca uygunluk veya ihlal etmeme konusunda t\u00fcm z\u0131mni garantiler de d\u00e2hil olmak \u00fczere hizmetler veya uygulama ile ilgili olarak (bunlarda yer alan t\u00fcm bilgiler d\u00e2hil) sarih veya z\u0131mni, kanuni veya ba\u015fka bir nitelikte hi\u00e7bir garantide bulunmamaktad\u0131r. <br \/>5. Kay\u0131t ve G\u00fcvenlik <br \/>Kullan\u0131c\u0131, do\u011fru, eksiksiz ve g\u00fcncel kay\u0131t bilgilerini vermek zorundad\u0131r. Aksi halde bu S\u00f6zle\u015fme ihlal edilmi\u015f say\u0131lacak ve Kullan\u0131c\u0131 bilgilendirilmeksizin hesap kapat\u0131labilecektir.<br \/>Kullan\u0131c\u0131, site ve \u00fc\u00e7\u00fcnc\u00fc taraf sitelerdeki \u015fifre ve hesap g\u00fcvenli\u011finden kendisi sorumludur. Aksi halde olu\u015facak veri kay\u0131plar\u0131ndan ve g\u00fcvenlik ihlallerinden veya donan\u0131m ve cihazlar\u0131n zarar g\u00f6rmesinden Dernek sorumlu tutulamaz.<br \/>6. M\u00fccbir Sebep<br \/>Taraflar\u0131n kontrol\u00fcnde olmayan; tabii afetler, yang\u0131n, patlamalar, i\u00e7 sava\u015flar, sava\u015flar, ayaklanmalar, halk hareketleri, seferberlik ilan\u0131, grev, lokavt ve salg\u0131n hastal\u0131klar, altyap\u0131 ve internet ar\u0131zalar\u0131, elektrik kesintisi gibi sebeplerden (a\u015fa\u011f\u0131da birlikte &#8220;M\u00fccbir Sebep\u201d olarak an\u0131lacakt\u0131r.) dolay\u0131 s\u00f6zle\u015fmeden do\u011fan y\u00fck\u00fcml\u00fcl\u00fckler taraflarca ifa edilemez hale gelirse, taraflar bundan sorumlu de\u011fildir. Bu s\u00fcrede Taraflar\u2019 \u0131n i\u015fbu S\u00f6zle\u015fme\u2019 den do\u011fan hak ve y\u00fck\u00fcml\u00fcl\u00fckleri ask\u0131ya al\u0131n\u0131r. <br \/>7. S\u00f6zle\u015fmenin B\u00fct\u00fcnl\u00fc\u011f\u00fc ve Uygulanabilirlik<br \/>\u0130\u015fbu s\u00f6zle\u015fme \u015fartlar\u0131ndan biri, k\u0131smen veya tamamen ge\u00e7ersiz hale gelirse, s\u00f6zle\u015fmenin geri kalan\u0131 ge\u00e7erlili\u011fini korumaya devam eder.<br \/>8. S\u00f6zle\u015fmede Yap\u0131lacak De\u011fi\u015fiklikler<br \/>Dernek, diledi\u011fi zaman sitede sunulan hizmetleri ve i\u015fbu s\u00f6zle\u015fme \u015fartlar\u0131n\u0131 k\u0131smen veya tamamen de\u011fi\u015ftirebilir. De\u011fi\u015fiklikler sitede yay\u0131nland\u0131\u011f\u0131 tarihten itibaren ge\u00e7erli olacakt\u0131r. De\u011fi\u015fiklikleri takip etmek Kullan\u0131c\u0131\u2019 n\u0131n sorumlulu\u011fundad\u0131r. Kullan\u0131c\u0131, sunulan hizmetlerden yararlanmaya devam etmekle bu de\u011fi\u015fiklikleri de kabul etmi\u015f say\u0131l\u0131r.<br \/>9. Tebligat<br \/>\u0130\u015fbu S\u00f6zle\u015fme ile ilgili taraflara g\u00f6nderilecek olan t\u00fcm bildirimler, Dernek\u2019in bilinen e-posta adresi ve kullan\u0131c\u0131n\u0131n \u00fcyelik formunda belirtti\u011fi e-posta adresi vas\u0131tas\u0131yla yap\u0131lacakt\u0131r. Kullan\u0131c\u0131, \u00fcye olurken belirtti\u011fi adresin ge\u00e7erli tebligat adresi oldu\u011funu, de\u011fi\u015fmesi durumunda 5 g\u00fcn i\u00e7inde yaz\u0131l\u0131 olarak di\u011fer tarafa bildirece\u011fini, aksi halde bu adrese yap\u0131lacak tebligatlar\u0131n ge\u00e7erli say\u0131laca\u011f\u0131n\u0131 kabul eder.<br \/>10. Delil S\u00f6zle\u015fmesi<br \/>Taraflar aras\u0131nda i\u015fbu s\u00f6zle\u015fme ile ilgili i\u015flemler i\u00e7in \u00e7\u0131kabilecek her t\u00fcrl\u00fc uyu\u015fmazl\u0131klarda Taraflar\u2019 \u0131n defter, kay\u0131t ve belgeleri ile ve bilgisayar kay\u0131tlar\u0131 ve faks kay\u0131tlar\u0131 6100 say\u0131l\u0131 Hukuk Muhakemeleri Kanunu uyar\u0131nca delil olarak kabul edilecek olup, kullan\u0131c\u0131 bu kay\u0131tlara itiraz etmeyece\u011fini kabul eder.<br \/>11. Uyu\u015fmazl\u0131klar\u0131n \u00c7\u00f6z\u00fcm\u00fc<br \/>\u0130\u015fbu S\u00f6zle\u015fme\u2019nin uygulanmas\u0131ndan veya yorumlanmas\u0131ndan do\u011facak her t\u00fcrl\u00fc uyu\u015fmazl\u0131\u011f\u0131n \u00e7\u00f6z\u00fcm\u00fcnde Ankara (Merkez) Adliyesi Mahkemeleri ve \u0130cra Daireleri yetkilidir.<\/p>\t\t\t\t\t\t<\/div>\n\t\t\t\t<\/div>\n\t\t\t\t\t<\/div>\n\t\t<\/div>\n\t\t\t\t\t\t\t<\/div>\n\t\t<\/section>\n\t\t\t\t<section class=\"elementor-section elementor-top-section elementor-element elementor-element-e2d4dff elementor-section-boxed elementor-section-height-default elementor-section-height-default\" data-id=\"e2d4dff\" data-element_type=\"section\">\n\t\t\t\t\t\t<div class=\"elementor-container elementor-column-gap-default\">\n\t\t\t\t\t<div class=\"elementor-column elementor-col-100 elementor-top-column elementor-element elementor-element-818ad70\" data-id=\"818ad70\" data-element_type=\"column\">\n\t\t\t<div class=\"elementor-widget-wrap elementor-element-populated\">\n\t\t\t\t\t\t\t\t<div class=\"elementor-element elementor-element-3d140ab elementor-widget elementor-widget-spacer\" data-id=\"3d140ab\" data-element_type=\"widget\" data-widget_type=\"spacer.default\">\n\t\t\t\t<div class=\"elementor-widget-container\">\n\t\t\t\t\t<div class=\"elementor-spacer\">\n\t\t\t<div class=\"elementor-spacer-inner\"><\/div>\n\t\t<\/div>\n\t\t\t\t<\/div>\n\t\t\t\t<\/div>\n\t\t\t\t\t<\/div>\n\t\t<\/div>\n\t\t\t\t\t\t\t<\/div>\n\t\t<\/section>\n\t\t\t\t\t\t\t<\/div>\n\t\t","protected":false},"excerpt":{"rendered":"","protected":false},"author":1,"featured_media":0,"parent":0,"menu_order":0,"comment_status":"closed","ping_status":"closed","template":"rbc-frontend.php","meta":{"footnotes":""},"class_list":["post-182","page","type-page","status-publish"],"_links":{"self":[{"href":"https:\/\/koopkuder.tr\/index.php\/wp-json\/wp\/v2\/pages\/182","targetHints":{"allow":["GET"]}}],"collection":[{"href":"https:\/\/koopkuder.tr\/index.php\/wp-json\/wp\/v2\/pages"}],"about":[{"href":"https:\/\/koopkuder.tr\/index.php\/wp-json\/wp\/v2\/types\/page"}],"author":[{"embeddable":true,"href":"https:\/\/koopkuder.tr\/index.php\/wp-json\/wp\/v2\/users\/1"}],"replies":[{"embeddable":true,"href":"https:\/\/koopkuder.tr\/index.php\/wp-json\/wp\/v2\/comments?post=182"}],"version-history":[{"count":12,"href":"https:\/\/koopkuder.tr\/index.php\/wp-json\/wp\/v2\/pages\/182\/revisions"}],"predecessor-version":[{"id":196,"href":"https:\/\/koopkuder.tr\/index.php\/wp-json\/wp\/v2\/pages\/182\/revisions\/196"}],"wp:attachment":[{"href":"https:\/\/koopkuder.tr\/index.php\/wp-json\/wp\/v2\/media?parent=182"}],"curies":[{"name":"wp","href":"https:\/\/api.w.org\/{rel}","templated":true}]}}