{"id":216,"date":"2022-11-24T07:08:10","date_gmt":"2022-11-24T07:08:10","guid":{"rendered":"https:\/\/koopkuder.org.tr\/?page_id=216"},"modified":"2022-11-24T07:10:06","modified_gmt":"2022-11-24T07:10:06","slug":"kvkk","status":"publish","type":"page","link":"https:\/\/koopkuder.tr\/index.php\/kvkk\/","title":{"rendered":"KVKK"},"content":{"rendered":"\t\t<div data-elementor-type=\"wp-page\" data-elementor-id=\"216\" class=\"elementor elementor-216\">\n\t\t\t\t\t\t\t\t\t<section class=\"elementor-section elementor-top-section elementor-element elementor-element-b065382 elementor-section-boxed elementor-section-height-default elementor-section-height-default\" data-id=\"b065382\" data-element_type=\"section\">\n\t\t\t\t\t\t<div class=\"elementor-container elementor-column-gap-default\">\n\t\t\t\t\t<div class=\"elementor-column elementor-col-100 elementor-top-column elementor-element elementor-element-8565acd\" data-id=\"8565acd\" data-element_type=\"column\">\n\t\t\t<div class=\"elementor-widget-wrap elementor-element-populated\">\n\t\t\t\t\t\t\t\t<div class=\"elementor-element elementor-element-afa4240 elementor-widget elementor-widget-spacer\" data-id=\"afa4240\" data-element_type=\"widget\" data-widget_type=\"spacer.default\">\n\t\t\t\t<div class=\"elementor-widget-container\">\n\t\t\t<style>\/*! elementor - v3.8.1 - 13-11-2022 *\/\n.elementor-column .elementor-spacer-inner{height:var(--spacer-size)}.e-con{--container-widget-width:100%}.e-con-inner>.elementor-widget-spacer,.e-con>.elementor-widget-spacer{width:var(--container-widget-width,var(--spacer-size));-ms-flex-item-align:stretch;align-self:stretch;-ms-flex-negative:0;flex-shrink:0}.e-con-inner>.elementor-widget-spacer>.elementor-widget-container,.e-con-inner>.elementor-widget-spacer>.elementor-widget-container>.elementor-spacer,.e-con>.elementor-widget-spacer>.elementor-widget-container,.e-con>.elementor-widget-spacer>.elementor-widget-container>.elementor-spacer{height:100%}.e-con-inner>.elementor-widget-spacer>.elementor-widget-container>.elementor-spacer>.elementor-spacer-inner,.e-con>.elementor-widget-spacer>.elementor-widget-container>.elementor-spacer>.elementor-spacer-inner{height:var(--container-widget-height,var(--spacer-size))}<\/style>\t\t<div class=\"elementor-spacer\">\n\t\t\t<div class=\"elementor-spacer-inner\"><\/div>\n\t\t<\/div>\n\t\t\t\t<\/div>\n\t\t\t\t<\/div>\n\t\t\t\t\t<\/div>\n\t\t<\/div>\n\t\t\t\t\t\t\t<\/div>\n\t\t<\/section>\n\t\t\t\t<section class=\"elementor-section elementor-top-section elementor-element elementor-element-16b03f52 elementor-section-boxed elementor-section-height-default elementor-section-height-default\" data-id=\"16b03f52\" data-element_type=\"section\">\n\t\t\t\t\t\t<div class=\"elementor-container elementor-column-gap-default\">\n\t\t\t\t\t<div class=\"elementor-column elementor-col-100 elementor-top-column elementor-element elementor-element-1b9a78\" data-id=\"1b9a78\" data-element_type=\"column\">\n\t\t\t<div class=\"elementor-widget-wrap elementor-element-populated\">\n\t\t\t\t\t\t\t\t<div class=\"elementor-element elementor-element-f15e847 elementor-widget elementor-widget-rb-heading\" data-id=\"f15e847\" data-element_type=\"widget\" data-widget_type=\"rb-heading.default\">\n\t\t\t\t<div class=\"elementor-widget-container\">\n\t\t\t\t\t<div id=\"uid_f15e847\" class=\"block-wrap fw-block block-heading none-margin is-left\" >\r\n\t                                    <h2 class=\"hbox-title\">KVKK Ayd\u0131nlatma Metni\n<\/h2>\r\n                            <div class=\"hbox-separator\"><\/div>\r\n                    <\/div>\t\t<\/div>\n\t\t\t\t<\/div>\n\t\t\t\t<div class=\"elementor-element elementor-element-9609380 elementor-widget elementor-widget-text-editor\" data-id=\"9609380\" data-element_type=\"widget\" data-widget_type=\"text-editor.default\">\n\t\t\t\t<div class=\"elementor-widget-container\">\n\t\t\t<style>\/*! elementor - v3.8.1 - 13-11-2022 *\/\n.elementor-widget-text-editor.elementor-drop-cap-view-stacked .elementor-drop-cap{background-color:#818a91;color:#fff}.elementor-widget-text-editor.elementor-drop-cap-view-framed .elementor-drop-cap{color:#818a91;border:3px solid;background-color:transparent}.elementor-widget-text-editor:not(.elementor-drop-cap-view-default) .elementor-drop-cap{margin-top:8px}.elementor-widget-text-editor:not(.elementor-drop-cap-view-default) .elementor-drop-cap-letter{width:1em;height:1em}.elementor-widget-text-editor .elementor-drop-cap{float:left;text-align:center;line-height:1;font-size:50px}.elementor-widget-text-editor .elementor-drop-cap-letter{display:inline-block}<\/style>\t\t\t\t<p>KOOPERAT\u0130F DERNE\u011e\u0130 (KOOPK\u00dcDER)<br \/>K\u0130\u015e\u0130SEL VER\u0130LER\u0130N KORUNMASI<br \/>AYDINLATMA METN\u0130<\/p><p>07.04.2016 tarihinde yay\u0131mlanarak y\u00fcr\u00fcrl\u00fc\u011fe giren 6698 say\u0131l\u0131 Ki\u015fisel Verilerin Korunmas\u0131 Kanunu (\u201cKVKK\u201d, \u201cKanun\u201d) uyar\u0131nca; KOOPERAT\u0130F DERNE\u011e\u0130 olarak ki\u015fisel verilerinizin g\u00fcvenli\u011fi konusunda gerekli \u00f6zen ve hassasiyeti g\u00f6stermekteyiz.<br \/>Amac\u0131m\u0131z; KOOPERAT\u0130F DERNE\u011e\u0130 (KOOPK\u00dcDER) taraf\u0131ndan hukuka uygun bir \u015fekilde y\u00fcr\u00fct\u00fclen ki\u015fisel veri i\u015fleme faaliyeti kapsam\u0131nda ki\u015fisel verileri KOOPERAT\u0130F DERNE\u011e\u0130 (KOOPK\u00dcDER) taraf\u0131ndan i\u015flenen ortaklar\u0131m\u0131z\u0131, potansiyel ortaklar\u0131m\u0131z\u0131, \u00fcyelerimizi, potansiyel \u00fcyelerimizi, m\u00fc\u015fterilerimizi, potansiyel m\u00fc\u015fterilerimizi, \u00e7al\u0131\u015fanlar\u0131m\u0131z\u0131, \u00e7al\u0131\u015fan adaylar\u0131m\u0131z\u0131, yetkililerimizi, ziyaret\u00e7ilerimizi, i\u015fbirli\u011fi i\u00e7inde oldu\u011fumuz kurumlar\u0131n \u00e7al\u0131\u015fanlar\u0131 ve yetkilileri ve \u00fc\u00e7\u00fcnc\u00fc ki\u015fileri bilgilendirmektir.<br \/>Bu \u00f6zen ve hassasiyet do\u011frultusunda KOOPERAT\u0130F DERNE\u011e\u0130 (KOOPK\u00dcDER) olarak hizmet sundu\u011fumuz t\u00fcm taraflara, kurumsal i\u015fbirli\u011fi i\u00e7inde bulundu\u011fumuz kurum ve kurulu\u015flara ve \u00e7\u00f6z\u00fcm ortaklar\u0131m\u0131za iletmi\u015f oldu\u011funuz t\u00fcm ki\u015fisel verileri ve KOOPERAT\u0130F DERNE\u011e\u0130 (KOOPK\u00dcDER) ile ili\u015fkili t\u00fcm \u015fah\u0131slara ait her t\u00fcrl\u00fc ki\u015fisel verileri Kanun&#8217;a uygun olarak, a\u015fa\u011f\u0131da izah edildi\u011fi \u015fekilde ve mevzuat taraf\u0131ndan emredilen s\u0131n\u0131rlar \u00e7er\u00e7evesinde i\u015flemekte ve muhafaza etmekteyiz. Bu kapsamda \u201cVeri Sorumlusu\u201d s\u0131fat\u0131yla, ki\u015fisel verilerinizi yasal d\u00fczenlemelerin imk\u00e2n verdi\u011fi \u00f6l\u00e7\u00fcde kullanmakta, bu verileri i\u015fleme amac\u0131n\u0131n gerektirdi\u011fi \u00f6l\u00e7\u00fcde personelimiz ve ilgili i\u015f ortaklar\u0131m\u0131z ve personelinin eri\u015fimine a\u00e7maktay\u0131z.<br \/>1. VER\u0130 SORUMLUSU VE TEMS\u0130LC\u0130S\u0130<br \/>KVKK uyar\u0131nca, ki\u015fisel verileriniz; veri sorumlusu olarak KOOPERAT\u0130F DERNE\u011e\u0130 (KOOPK\u00dcDER) taraf\u0131ndan i\u015fbu ayd\u0131nlatma metninde a\u00e7\u0131klanan kapsamda i\u015flenebilecektir.<br \/>2. K\u0130\u015e\u0130SEL VER\u0130LER\u0130N HANG\u0130 AMA\u00c7LA \u0130\u015eLENECE\u011e\u0130<br \/>Toplanan ki\u015fisel verileriniz;<br \/>KOOPERAT\u0130F DERNE\u011e\u0130 (KOOPK\u00dcDER) taraf\u0131ndan sunulan hizmetlerden sizleri faydaland\u0131rmak i\u00e7in gerekli \u00e7al\u0131\u015fmalar\u0131n i\u015f birimlerimiz taraf\u0131ndan yap\u0131lmas\u0131<br \/>KOOPERAT\u0130F DERNE\u011e\u0130 (KOOPK\u00dcDER) insan kaynaklar\u0131 politikalar\u0131n\u0131n y\u00fcr\u00fct\u00fclmesinin temini;<br \/>\u0130\u015f ili\u015fkisi i\u00e7erisinde oldu\u011fumuz ki\u015filerin hukuki ve ticari g\u00fcvenli\u011finin sa\u011flanmas\u0131;<br \/>KOOPERAT\u0130F DERNE\u011e\u0130 (KOOPK\u00dcDER) hukuki, mali, ticari konular \u00e7er\u00e7evesinde stratejisinin belirlenmesi ve uygulanmas\u0131 ama\u00e7lar\u0131yla faaliyetlerimizi y\u00fcr\u00fctmek \u00e7er\u00e7evesinde Kanun&#8217;un 5. ve 6. maddelerinde belirtilen ki\u015fisel veri i\u015fleme \u015fartlar\u0131 ve ama\u00e7lar\u0131 kapsam\u0131nda i\u015flenecektir.<br \/>3. \u0130\u015eLENEN K\u0130\u015e\u0130SEL VER\u0130LER\u0130N K\u0130MLERE VE HANG\u0130 AMA\u00c7LA AKTARILAB\u0130LECE\u011e\u0130<br \/>Toplanan ki\u015fisel verileriniz;<br \/>KOOPERAT\u0130F DERNE\u011e\u0130 (KOOPK\u00dcDER) taraf\u0131ndan sunulan hizmetlerden sizleri faydaland\u0131rmak i\u00e7in gerekli \u00e7al\u0131\u015fmalar\u0131n i\u015f birimlerimiz taraf\u0131ndan yap\u0131lmas\u0131;<br \/>KOOPERAT\u0130F DERNE\u011e\u0130 (KOOPK\u00dcDER) insan kaynaklar\u0131 politikalar\u0131n\u0131n y\u00fcr\u00fct\u00fclmesinin temini;<br \/>\u0130\u015f ili\u015fkisi i\u00e7erisinde oldu\u011fumuz ki\u015filerin hukuki ve ticari g\u00fcvenli\u011finin temini;<br \/>KOOPERAT\u0130F DERNE\u011e\u0130 (KOOPK\u00dcDER)\u2019nin hukuki, mali, ticari konular \u00e7er\u00e7evesinde stratejilerinin belirlenmesi ve uygulanmas\u0131 ama\u00e7lar\u0131yla; yurt i\u00e7i ve yurt d\u0131\u015f\u0131ndaki do\u011frudan veya dolayl\u0131 i\u015ftiraklerimiz ile ortaklar\u0131m\u0131zla, s\u00f6zle\u015fmeli i\u015f ortaklar\u0131m\u0131za, tedarik\u00e7ilerimize, gerekmesi halinde hizmet al\u0131nan \u00fc\u00e7\u00fcnc\u00fc ki\u015filerle i\u015f s\u00fcre\u00e7lerinin devam\u0131 i\u00e7in payla\u015f\u0131m\u0131n gerekli oldu\u011fu di\u011fer ki\u015fi ve kurulu\u015flarla, kanunen yetkili kamu kurumlar\u0131 ve \u00f6zel ki\u015filere, faaliyetlerimizi y\u00fcr\u00fctmek ama\u00e7lar\u0131 ile Kanun&#8217;un 8. ve 9. maddelerinde belirtilen ki\u015fisel veri i\u015fleme \u015fartlar\u0131 ve ama\u00e7lar\u0131 \u00e7er\u00e7evesinde belirtilen ama\u00e7larla s\u0131n\u0131rl\u0131 olarak aktar\u0131labilecektir.<br \/>4. K\u0130\u015e\u0130SEL VER\u0130 TOPLAMANIN Y\u00d6NTEM\u0130 VE HUKUK\u0130 SEBEB\u0130<br \/>Ki\u015fisel verileriniz KOOPERAT\u0130F DERNE\u011e\u0130 (KOOPK\u00dcDER) taraf\u0131ndan internet sitesi ve fiziki kanallar gibi farkl\u0131 kanallarda y\u00fcr\u00fct\u00fclen y\u00f6ntemlerle; bu kanallar kullan\u0131larak y\u00fcr\u00fct\u00fclen hizmet ve faaliyetler uygulanan ilgili mevzuat, s\u00f6zle\u015fme, talep, ticari team\u00fcl ve d\u00fcr\u00fcstl\u00fck kurallar\u0131na dayal\u0131 olarak ortaya \u00e7\u0131kan ve icra edilen hukuki sebepler \u00e7er\u00e7evesinde toplanmaktad\u0131r.<br \/>Bu hukuki sebeple toplanan ki\u015fisel verileriniz KVKK 5. ve 6. maddelerinde belirtilen ki\u015fisel veri i\u015fleme \u015fartlar\u0131 ve ama\u00e7lar\u0131 kapsam\u0131nda bu ayd\u0131nlatma metninin (2) ve (3) maddelerinde belirtilen ama\u00e7larla i\u015flenebilmekte ve aktar\u0131labilmektedir.<br \/>5. K\u0130\u015e\u0130SEL VER\u0130 SAH\u0130B\u0130N\u0130N KANUN&#8217;UN 11. MADDES\u0130NDE SAYILAN HAKLARI<br \/>Ki\u015fisel veri sahipleri olarak, haklar\u0131n\u0131za ili\u015fkin taleplerinizi kurumumuza iletmeniz durumunda, KOOPERAT\u0130F DERNE\u011e\u0130 (KOOPK\u00dcDER) talebin niteli\u011fine g\u00f6re talebinizi en k\u0131sa s\u00fcrede ve en ge\u00e7 otuz g\u00fcn i\u00e7inde \u00fccretsiz olarak sonu\u00e7land\u0131racakt\u0131r. Ancak, i\u015flemin ayr\u0131ca bir maliyet gerektirmesi h\u00e2linde, KOOPERAT\u0130F DERNE\u011e\u0130 (KOOPK\u00dcDER) taraf\u0131ndan Ki\u015fisel Verileri Koruma Kurulu&#8217;nca belirlenen tarifedeki \u00fccret al\u0131nacakt\u0131r. Veri sorumlusu olarak yapt\u0131\u011f\u0131m\u0131z inceleme sonucunda talebiniz kabul edilir veya gerek\u00e7esi a\u00e7\u0131klanmak sureti ile reddedilir. Cevap taraf\u0131n\u0131za yaz\u0131l\u0131 olarak ya da elektronik ortamda bildirilir.<\/p><p>Bu kapsamda ki\u015fisel veri sahipleri;<br \/>Ki\u015fisel veri i\u015flenip i\u015flenmedi\u011fini \u00f6\u011frenme,<br \/>Ki\u015fisel verileri i\u015flenmi\u015fse buna ili\u015fkin bilgi talep etme,<br \/>Ki\u015fisel verilerin i\u015flenme amac\u0131n\u0131 ve bunlar\u0131n amac\u0131na uygun kullan\u0131l\u0131p kullan\u0131lmad\u0131\u011f\u0131n\u0131 \u00f6\u011frenme,<br \/>Yurt i\u00e7inde veya yurt d\u0131\u015f\u0131nda ki\u015fisel verilerin aktar\u0131ld\u0131\u011f\u0131 \u00fc\u00e7\u00fcnc\u00fc ki\u015fileri bilme,<br \/>Ki\u015fisel verilerin eksik veya yanl\u0131\u015f i\u015flenmi\u015f olmas\u0131 h\u00e2linde bunlar\u0131n d\u00fczeltilmesini isteme ve bu kapsamda yap\u0131lan i\u015flemin ki\u015fisel verilerin aktar\u0131ld\u0131\u011f\u0131 \u00fc\u00e7\u00fcnc\u00fc ki\u015filere bildirilmesini isteme,<br \/>Kanun ve ilgili di\u011fer kanun h\u00fck\u00fcmlerine uygun olarak i\u015flenmi\u015f olmas\u0131na ra\u011fmen, i\u015flenmesini gerektiren sebeplerin ortadan kalkmas\u0131 h\u00e2linde ki\u015fisel verilerin silinmesini veya yok edilmesini isteme ve bu kapsamda yap\u0131lan i\u015flemin ki\u015fisel verilerin aktar\u0131ld\u0131\u011f\u0131 \u00fc\u00e7\u00fcnc\u00fc ki\u015filere bildirilmesini isteme,<br \/>\u0130\u015flenen verilerin m\u00fcnhas\u0131ran otomatik sistemler vas\u0131tas\u0131yla analiz edilmesi suretiyle ki\u015finin kendisi aleyhine bir sonucun ortaya \u00e7\u0131kmas\u0131na itiraz etme,<br \/>Ki\u015fisel verilerin kanuna ayk\u0131r\u0131 olarak i\u015flenmesi sebebiyle zarara u\u011framas\u0131 h\u00e2linde zarar\u0131n giderilmesini talep etme haklar\u0131na sahiptir.<br \/>Kanun&#8217;un 13. maddesinin 1. f\u0131kras\u0131 gere\u011fince yukar\u0131da belirtilen haklar\u0131n\u0131z\u0131 kullanmakla ilgili talebinizi yaz\u0131l\u0131 olarak veya Ki\u015fisel Verilerin Korunmas\u0131 Kurulu&#8217;nun belirledi\u011fi di\u011fer y\u00f6ntemlerle iletmeniz gerekmektedir.<br \/>KOOPERAT\u0130F DERNE\u011e\u0130 (KOOPK\u00dcDER)\u2019nin \u00e7al\u0131\u015fanlar\u0131, kurumsal i\u015f birli\u011fi i\u00e7inde oldu\u011fu kurum ve kurulu\u015flar ve ilgili di\u011fer \u00fc\u00e7\u00fcnc\u00fc ki\u015filer ile ger\u00e7ekle\u015ftirdi\u011fi i\u015flemlere ili\u015fkin kay\u0131t ve belgeleri yasal d\u00fczenlemeler kapsam\u0131nda belirli bir s\u00fcre saklama y\u00fck\u00fcml\u00fcl\u00fc\u011f\u00fc olaca\u011f\u0131ndan, ki\u015fisel verilerinizin silinmesini veya yok edilmesini ya da anonimle\u015ftirilmesini istemeniz halinde bu talep KOOPERAT\u0130F DERNE\u011e\u0130 (KOOPK\u00dcDER) taraf\u0131ndan yasal d\u00fczenlemeler ile belirlenen s\u00fcre sonunda yerine getirilecektir.<br \/>Yukar\u0131da belirtilen haklar\u0131n\u0131z\u0131 kullanmak i\u00e7in kimli\u011finizi ispat edici gerekli bilgi ve belgeler ve Kanun&#8217;un 11. maddesinde belirtilen haklar\u0131n\u0131zdan hangisini kullanmak istedi\u011finize y\u00f6nelik a\u00e7\u0131klamalar\u0131n\u0131zla birlikte talebinizi kooperatifdernegi@gmail.com adresine iletebilirsiniz.<\/p>\t\t\t\t\t\t<\/div>\n\t\t\t\t<\/div>\n\t\t\t\t\t<\/div>\n\t\t<\/div>\n\t\t\t\t\t\t\t<\/div>\n\t\t<\/section>\n\t\t\t\t<section class=\"elementor-section elementor-top-section elementor-element elementor-element-e2d4dff elementor-section-boxed elementor-section-height-default elementor-section-height-default\" data-id=\"e2d4dff\" data-element_type=\"section\">\n\t\t\t\t\t\t<div class=\"elementor-container elementor-column-gap-default\">\n\t\t\t\t\t<div class=\"elementor-column elementor-col-100 elementor-top-column elementor-element elementor-element-818ad70\" data-id=\"818ad70\" data-element_type=\"column\">\n\t\t\t<div class=\"elementor-widget-wrap elementor-element-populated\">\n\t\t\t\t\t\t\t\t<div class=\"elementor-element elementor-element-3d140ab elementor-widget elementor-widget-spacer\" data-id=\"3d140ab\" data-element_type=\"widget\" data-widget_type=\"spacer.default\">\n\t\t\t\t<div class=\"elementor-widget-container\">\n\t\t\t\t\t<div class=\"elementor-spacer\">\n\t\t\t<div class=\"elementor-spacer-inner\"><\/div>\n\t\t<\/div>\n\t\t\t\t<\/div>\n\t\t\t\t<\/div>\n\t\t\t\t\t<\/div>\n\t\t<\/div>\n\t\t\t\t\t\t\t<\/div>\n\t\t<\/section>\n\t\t\t\t\t\t\t<\/div>\n\t\t","protected":false},"excerpt":{"rendered":"","protected":false},"author":1,"featured_media":0,"parent":0,"menu_order":0,"comment_status":"closed","ping_status":"closed","template":"rbc-frontend.php","meta":{"footnotes":""},"class_list":["post-216","page","type-page","status-publish"],"_links":{"self":[{"href":"https:\/\/koopkuder.tr\/index.php\/wp-json\/wp\/v2\/pages\/216","targetHints":{"allow":["GET"]}}],"collection":[{"href":"https:\/\/koopkuder.tr\/index.php\/wp-json\/wp\/v2\/pages"}],"about":[{"href":"https:\/\/koopkuder.tr\/index.php\/wp-json\/wp\/v2\/types\/page"}],"author":[{"embeddable":true,"href":"https:\/\/koopkuder.tr\/index.php\/wp-json\/wp\/v2\/users\/1"}],"replies":[{"embeddable":true,"href":"https:\/\/koopkuder.tr\/index.php\/wp-json\/wp\/v2\/comments?post=216"}],"version-history":[{"count":8,"href":"https:\/\/koopkuder.tr\/index.php\/wp-json\/wp\/v2\/pages\/216\/revisions"}],"predecessor-version":[{"id":224,"href":"https:\/\/koopkuder.tr\/index.php\/wp-json\/wp\/v2\/pages\/216\/revisions\/224"}],"wp:attachment":[{"href":"https:\/\/koopkuder.tr\/index.php\/wp-json\/wp\/v2\/media?parent=216"}],"curies":[{"name":"wp","href":"https:\/\/api.w.org\/{rel}","templated":true}]}}