{"id":354,"date":"2023-03-17T07:21:19","date_gmt":"2023-03-17T07:21:19","guid":{"rendered":"https:\/\/koopkuder.org.tr\/?page_id=354"},"modified":"2023-03-17T07:31:27","modified_gmt":"2023-03-17T07:31:27","slug":"basvuru","status":"publish","type":"page","link":"https:\/\/koopkuder.tr\/index.php\/basvuru\/","title":{"rendered":"Ba\u015fvuru"},"content":{"rendered":"\t\t<div data-elementor-type=\"wp-page\" data-elementor-id=\"354\" class=\"elementor elementor-354\">\n\t\t\t\t\t\t\t\t\t<section class=\"elementor-section elementor-top-section elementor-element elementor-element-ad478bf elementor-section-boxed elementor-section-height-default elementor-section-height-default\" data-id=\"ad478bf\" data-element_type=\"section\">\n\t\t\t\t\t\t<div class=\"elementor-container elementor-column-gap-default\">\n\t\t\t\t\t<div class=\"elementor-column elementor-col-100 elementor-top-column elementor-element elementor-element-6f5263d\" data-id=\"6f5263d\" data-element_type=\"column\">\n\t\t\t<div class=\"elementor-widget-wrap elementor-element-populated\">\n\t\t\t\t\t\t\t\t<div class=\"elementor-element elementor-element-214be80 elementor-widget elementor-widget-formidable\" data-id=\"214be80\" data-element_type=\"widget\" data-widget_type=\"formidable.default\">\n\t\t\t\t<div class=\"elementor-widget-container\">\n\t\t\t<div class=\"frm_forms  with_frm_style frm_style_formidable-style\" id=\"frm_form_1_container\" >\n<form enctype=\"multipart\/form-data\" method=\"post\" class=\"frm-show-form  frm_pro_form \" id=\"form_contact-form\"  >\n<div class=\"frm_form_fields \">\n<fieldset>\n<legend class=\"frm_screen_reader\">Ba\u015fvuru Formu<\/legend>\r\n\r\n<div class=\"frm_fields_container\">\n<input type=\"hidden\" name=\"frm_action\" value=\"create\" \/>\n<input type=\"hidden\" name=\"form_id\" value=\"1\" \/>\n<input type=\"hidden\" name=\"frm_hide_fields_1\" id=\"frm_hide_fields_1\" value=\"\" \/>\n<input type=\"hidden\" name=\"form_key\" value=\"contact-form\" \/>\n<input type=\"hidden\" name=\"item_meta[0]\" value=\"\" \/>\n<input type=\"hidden\" id=\"frm_submit_entry_1\" name=\"frm_submit_entry_1\" value=\"b8cb62c932\" \/><input type=\"hidden\" name=\"_wp_http_referer\" value=\"\/index.php\/wp-json\/wp\/v2\/pages\/354\" \/><div id=\"frm_field_9_container\" class=\"frm_form_field form-field  frm_top_container\">\r\n    <div  id=\"field_th4wh_label\" class=\"frm_primary_label\">Ad\r\n        <span class=\"frm_required\" aria-hidden=\"true\"><\/span>\r\n    <\/div>\r\n    <fieldset aria-labelledby=\"field_th4wh_label\">\n\t<legend class=\"frm_screen_reader frm_hidden\">\n\t\tAd\t<\/legend>\n\n\t<div  class=\"frm_combo_inputs_container\" id=\"frm_combo_inputs_container_9\" data-name-layout=\"first_last\">\n\t\t\t\t\t<div\n\t\t\t\tid=\"frm_field_9-first_container\"\n\t\t\t\tclass=\"frm_form_field form-field frm_form_subfield-first  frm6\"\n\t\t\t\tdata-sub-field-name=\"first\"\n\t\t\t>\n\t\t\t\t<label for=\"field_th4wh_first\" class=\"frm_screen_reader frm_hidden\">\n\t\t\t\t\tAd\t\t\t\t<\/label>\n\n\t\t\t\t\t\t\t\t\t\t<input\n\t\t\t\t\t\t\ttype=\"text\"\n\t\t\t\t\t\t\tid=\"field_th4wh_first\"\n\t\t\t\t\t\t\tvalue=\"\"\n\t\t\t\t\t\t\tname=\"item_meta[9][first]\"  data-invmsg=\"Ad is invalid\" aria-invalid=\"false\"  \t\t\t\t\t\t\/>\n\t\t\t\t\t\t\t\t\t<\/div>\n\t\t\t\t\t<div\n\t\t\t\tid=\"frm_field_9-last_container\"\n\t\t\t\tclass=\"frm_form_field form-field frm_form_subfield-last  frm6\"\n\t\t\t\tdata-sub-field-name=\"last\"\n\t\t\t>\n\t\t\t\t<label for=\"field_th4wh_last\" class=\"frm_screen_reader frm_hidden\">\n\t\t\t\t\tSoyad\t\t\t\t<\/label>\n\n\t\t\t\t\t\t\t\t\t\t<input\n\t\t\t\t\t\t\ttype=\"text\"\n\t\t\t\t\t\t\tid=\"field_th4wh_last\"\n\t\t\t\t\t\t\tvalue=\"\"\n\t\t\t\t\t\t\tname=\"item_meta[9][last]\"  data-invmsg=\"Ad is invalid\" aria-invalid=\"false\"  \t\t\t\t\t\t\/>\n\t\t\t\t\t\t<div class=\"frm_description\" id=\"frm_field_9_last_desc\">Soyad<\/div>\t\t\t<\/div>\n\t\t\t<\/div>\n<\/fieldset>\n\r\n    \r\n    \r\n<\/div>\n<div id=\"frm_field_6_container\" class=\"frm_form_field form-field  frm_top_container\">\r\n    <label for=\"field_1vt9c\" id=\"field_1vt9c_label\" class=\"frm_primary_label\">Temsil Edilen Kurum\r\n        <span class=\"frm_required\" aria-hidden=\"true\"><\/span>\r\n    <\/label>\r\n    <input type=\"text\" id=\"field_1vt9c\" name=\"item_meta[6]\" value=\"\"  data-invmsg=\"Text is invalid\" aria-invalid=\"false\"  \/>\r\n    \r\n    \r\n<\/div>\n<div id=\"frm_field_8_container\" class=\"frm_form_field form-field  frm_top_container\">\r\n    <label for=\"field_h4k05\" id=\"field_h4k05_label\" class=\"frm_primary_label\">Telefon Numaras\u0131\r\n        <span class=\"frm_required\" aria-hidden=\"true\"><\/span>\r\n    <\/label>\r\n    <input type=\"tel\" id=\"field_h4k05\" name=\"item_meta[8]\" value=\"\"  data-invmsg=\"Phone is invalid\" aria-invalid=\"false\" pattern=\"((\\+\\d{1,3}(-|.| )?\\(?\\d\\)?(-| |.)?\\d{1,5})|(\\(?\\d{2,6}\\)?))(-|.| )?(\\d{3,4})(-|.| )?(\\d{4})(( x| ext)\\d{1,5}){0,1}$\"  \/>\r\n    \r\n    \r\n<\/div>\n<div id=\"frm_field_3_container\" class=\"frm_form_field form-field  frm_required_field frm_top_container frm_full\">\r\n    <label for=\"field_29yf4d\" id=\"field_29yf4d_label\" class=\"frm_primary_label\">Email\r\n        <span class=\"frm_required\" aria-hidden=\"true\">*<\/span>\r\n    <\/label>\r\n    <input type=\"email\" id=\"field_29yf4d\" name=\"item_meta[3]\" value=\"\"  data-reqmsg=\"This field cannot be blank.\" aria-required=\"true\" data-invmsg=\"Please enter a valid email address\" aria-invalid=\"false\"  \/>\r\n    \r\n    \r\n<\/div>\n<div id=\"frm_field_7_container\" class=\"frm_form_field form-field  frm_top_container frm_other_container\">\r\n    <label for=\"field_l81e\" id=\"field_l81e_label\" class=\"frm_primary_label\">Konu\r\n        <span class=\"frm_required\" aria-hidden=\"true\"><\/span>\r\n    <\/label>\r\n    \t\t<select name=\"item_meta[7]\" id=\"field_l81e\"  data-frmval=\"Kooperatif \u00dcyeli\u011fi Ba\u015fvurusu\" data-invmsg=\"Konu is invalid\" aria-invalid=\"false\"  >\n\t\t\t\t<option  value=\"Kooperatif \u00dcyeli\u011fi Ba\u015fvurusu\" selected=\"selected\">\n\t\t\tKooperatif \u00dcyeli\u011fi Ba\u015fvurusu\t\t<\/option>\n\t\t\t\t<option  value=\"Bilgi Edinme\">\n\t\t\tBilgi Edinme\t\t<\/option>\n\t\t\t\t<option  value=\"\u0130\u015f Birli\u011fi \" class=\"frm_other_trigger\">\n\t\t\t\u0130\u015f Birli\u011fi \t\t<\/option>\n\t\t\t\t<option  value=\"Sponsorluk \/ Ba\u011f\u0131\u015f\">\n\t\t\tSponsorluk \/ Ba\u011f\u0131\u015f\t\t<\/option>\n\t\t\t\t<option  value=\"Etkinlik Kat\u0131l\u0131m\u0131\">\n\t\t\tEtkinlik Kat\u0131l\u0131m\u0131\t\t<\/option>\n\t\t\t<\/select>\n\t<label for=\"field_l81e-otext\" class=\"frm_screen_reader frm_hidden\">Konu<\/label><input type=\"text\" id=\"field_l81e-otext\" class=\"frm_other_input frm_pos_none\"  name=\"item_meta[other][7]\" value=\"\" \/>\r\n    \r\n    \r\n<\/div>\n<div id=\"frm_field_5_container\" class=\"frm_form_field form-field  frm_required_field frm_top_container frm_full\">\r\n    <label for=\"field_9jv0r1\" id=\"field_9jv0r1_label\" class=\"frm_primary_label\">Mesaj\u0131n\u0131z\r\n        <span class=\"frm_required\" aria-hidden=\"true\">*<\/span>\r\n    <\/label>\r\n    <textarea name=\"item_meta[5]\" id=\"field_9jv0r1\" rows=\"5\"  data-reqmsg=\"This field cannot be blank.\" aria-required=\"true\" data-invmsg=\"Message is invalid\" aria-invalid=\"false\"  ><\/textarea>\r\n    \r\n    \r\n<\/div>\n\t<input type=\"hidden\" name=\"item_key\" value=\"\" \/>\n\t\t\t\t<div class=\"frm_verify\" aria-hidden=\"true\">\n\t\t\t\t<label for=\"frm_email_1\">\n\t\t\t\t\tIf you are human, leave this field blank.\t\t\t\t<\/label>\n\t\t\t\t<input type=\"text\" class=\"frm_verify\" id=\"frm_email_1\" name=\"frm_verify\" value=\"\"  \/>\n\t\t\t<\/div>\n\t\t<input name=\"frm_state\" type=\"hidden\" value=\"tVnPZCGPCP2OWVipQvZ5cHVONAxXHiqNcHq61YrtK6Y=\" \/><div class=\"frm_submit\">\r\n\r\n<button class=\"frm_button_submit frm_final_submit\" type=\"submit\"   formnovalidate=\"formnovalidate\">G\u00f6nder<\/button>\r\n\r\n\r\n<\/div><\/div>\n<\/fieldset>\n<\/div>\n<\/form>\n<\/div>\n\t\t<\/div>\n\t\t\t\t<\/div>\n\t\t\t\t\t<\/div>\n\t\t<\/div>\n\t\t\t\t\t\t\t<\/div>\n\t\t<\/section>\n\t\t\t\t\t\t\t<\/div>\n\t\t","protected":false},"excerpt":{"rendered":"<p>Ba\u015fvuru Formu Ad Ad Ad Soyad Soyad Temsil Edilen Kurum Telefon Numaras\u0131 Email * Konu Kooperatif \u00dcyeli\u011fi Ba\u015fvurusu Bilgi Edinme \u0130\u015f Birli\u011fi Sponsorluk \/ Ba\u011f\u0131\u015f Etkinlik Kat\u0131l\u0131m\u0131 Konu Mesaj\u0131n\u0131z * If you are human, leave this field blank. G\u00f6nder<\/p>\n","protected":false},"author":1,"featured_media":0,"parent":0,"menu_order":0,"comment_status":"closed","ping_status":"closed","template":"","meta":{"footnotes":""},"class_list":["post-354","page","type-page","status-publish"],"_links":{"self":[{"href":"https:\/\/koopkuder.tr\/index.php\/wp-json\/wp\/v2\/pages\/354","targetHints":{"allow":["GET"]}}],"collection":[{"href":"https:\/\/koopkuder.tr\/index.php\/wp-json\/wp\/v2\/pages"}],"about":[{"href":"https:\/\/koopkuder.tr\/index.php\/wp-json\/wp\/v2\/types\/page"}],"author":[{"embeddable":true,"href":"https:\/\/koopkuder.tr\/index.php\/wp-json\/wp\/v2\/users\/1"}],"replies":[{"embeddable":true,"href":"https:\/\/koopkuder.tr\/index.php\/wp-json\/wp\/v2\/comments?post=354"}],"version-history":[{"count":4,"href":"https:\/\/koopkuder.tr\/index.php\/wp-json\/wp\/v2\/pages\/354\/revisions"}],"predecessor-version":[{"id":373,"href":"https:\/\/koopkuder.tr\/index.php\/wp-json\/wp\/v2\/pages\/354\/revisions\/373"}],"wp:attachment":[{"href":"https:\/\/koopkuder.tr\/index.php\/wp-json\/wp\/v2\/media?parent=354"}],"curies":[{"name":"wp","href":"https:\/\/api.w.org\/{rel}","templated":true}]}}